{"id":2090,"date":"2019-05-27T14:45:03","date_gmt":"2019-05-27T12:45:03","guid":{"rendered":"http:\/\/aureano.com\/?page_id=2090"},"modified":"2019-07-24T09:29:41","modified_gmt":"2019-07-24T07:29:41","slug":"unser-service-ihr-vorteil","status":"publish","type":"page","link":"https:\/\/aureano.com\/pl\/unser-service-ihr-vorteil\/","title":{"rendered":"Nasza us\u0142uga &#8211; twoja korzy\u015b\u0107"},"content":{"rendered":"<h2 style=\"text-align: center\"><span style=\"color: #ff3300\">Aureano to profesjonalny dostawca us\u0142ug osobistych dla pracownik\u00f3w s\u0142u\u017cby zdrowia.<\/span><\/h2>\n<p style=\"text-align: center\"><strong>Niemcy maj\u0105 du\u017ce zapotrzebowanie na pracownik\u00f3w s\u0142u\u017cby zdrowia<\/strong>, kt\u00f3rych nie mo\u017cna zaspokoi\u0107 bez przyci\u0105gni\u0119cia wykwalifikowanych zagranicznych pracownik\u00f3w wykwalifikowanych. Jeste\u015b pracodawc\u0105 i szukasz specjalisty? Czy jeste\u015b specjalist\u0105 i szukasz pracy? <strong>Skorzystaj z naszego do\u015bwiadczenia, us\u0142ug i niezawodno\u015bci: skontaktuj si\u0119 z nami &#8211; \u0142\u0105czymy wiedz\u0119 z zakresu opieki zdrowotnej.<\/strong><\/p>\n<table>\n<tbody>\n<tr>\n<td align=\"center\">\n<div class=\"btn-page vivid-red\"><a style=\"color: white\" href=\"https:\/\/aureano.com\/pl\/kontakt\/\">Skontaktuj si\u0119 z nami<\/a><\/div>\n<p>&nbsp;<\/td>\n<\/tr>\n<\/tbody>\n<\/table>\n","protected":false},"excerpt":{"rendered":"<p>Aureano to profesjonalny dostawca us\u0142ug osobistych dla pracownik\u00f3w s\u0142u\u017cby zdrowia. Niemcy maj\u0105 du\u017ce zapotrzebowanie na pracownik\u00f3w s\u0142u\u017cby zdrowia, kt\u00f3rych nie mo\u017cna zaspokoi\u0107 bez przyci\u0105gni\u0119cia wykwalifikowanych zagranicznych pracownik\u00f3w wykwalifikowanych. Jeste\u015b pracodawc\u0105 i szukasz specjalisty? Czy jeste\u015b specjalist\u0105 i szukasz pracy? Skorzystaj z naszego do\u015bwiadczenia, us\u0142ug i niezawodno\u015bci: skontaktuj si\u0119 z nami&hellip; <\/p>\n","protected":false},"author":1,"featured_media":0,"parent":0,"menu_order":0,"comment_status":"closed","ping_status":"closed","template":"","meta":{"_links_to":"","_links_to_target":""},"_links":{"self":[{"href":"https:\/\/aureano.com\/pl\/wp-json\/wp\/v2\/pages\/2090"}],"collection":[{"href":"https:\/\/aureano.com\/pl\/wp-json\/wp\/v2\/pages"}],"about":[{"href":"https:\/\/aureano.com\/pl\/wp-json\/wp\/v2\/types\/page"}],"author":[{"embeddable":true,"href":"https:\/\/aureano.com\/pl\/wp-json\/wp\/v2\/users\/1"}],"replies":[{"embeddable":true,"href":"https:\/\/aureano.com\/pl\/wp-json\/wp\/v2\/comments?post=2090"}],"version-history":[{"count":3,"href":"https:\/\/aureano.com\/pl\/wp-json\/wp\/v2\/pages\/2090\/revisions"}],"predecessor-version":[{"id":2715,"href":"https:\/\/aureano.com\/pl\/wp-json\/wp\/v2\/pages\/2090\/revisions\/2715"}],"wp:attachment":[{"href":"https:\/\/aureano.com\/pl\/wp-json\/wp\/v2\/media?parent=2090"}],"curies":[{"name":"wp","href":"https:\/\/api.w.org\/{rel}","templated":true}]}}