{"id":2243,"date":"2019-06-06T14:42:22","date_gmt":"2019-06-06T12:42:22","guid":{"rendered":"http:\/\/aureano.com\/?page_id=2243"},"modified":"2021-01-04T11:25:44","modified_gmt":"2021-01-04T10:25:44","slug":"kontakt","status":"publish","type":"page","link":"https:\/\/aureano.com\/pl\/kontakt\/","title":{"rendered":"Kontakt"},"content":{"rendered":"<p><strong>Skorzystaj z naszego do\u015bwiadczenia, si\u0142y i niezawodno\u015bci us\u0142ug:<\/strong><\/p>\n<h4>Czekamy na Twoj\u0105 wiadomo\u015b\u0107!<\/h4>\n<p>Telefonicznie: <strong>+49 (0) 172 6270116<\/strong> (r\u00f3wnie\u017c WhatsApp), e-mailem <a href=\"mailto:info@aureano.com\"><strong>info@aureano.com<\/strong><\/a> lub za po\u015brednictwem naszego <strong>formularza kontaktowego:<\/strong><\/p>\n<div role=\"form\" class=\"wpcf7\" id=\"wpcf7-f2242-o1\" lang=\"de-DE\" dir=\"ltr\">\n<div class=\"screen-reader-response\"><p role=\"status\" aria-live=\"polite\" aria-atomic=\"true\"><\/p> <ul><\/ul><\/div>\n<form action=\"\/pl\/wp-json\/wp\/v2\/pages\/2243#wpcf7-f2242-o1\" method=\"post\" class=\"wpcf7-form init\" novalidate=\"novalidate\" data-status=\"init\">\n<div style=\"display: none;\">\n<input type=\"hidden\" name=\"_wpcf7\" value=\"2242\" \/>\n<input type=\"hidden\" name=\"_wpcf7_version\" value=\"5.6.4\" \/>\n<input type=\"hidden\" name=\"_wpcf7_locale\" value=\"de_DE\" \/>\n<input type=\"hidden\" name=\"_wpcf7_unit_tag\" value=\"wpcf7-f2242-o1\" \/>\n<input type=\"hidden\" name=\"_wpcf7_container_post\" value=\"0\" \/>\n<input type=\"hidden\" name=\"_wpcf7_posted_data_hash\" value=\"\" \/>\n<\/div>\n<p><label> Nazwisko i imi\u0119 (wymagane)<br \/>\n    <span class=\"wpcf7-form-control-wrap\" data-name=\"your-name\"><input type=\"text\" name=\"your-name\" value=\"\" size=\"40\" class=\"wpcf7-form-control wpcf7-text wpcf7-validates-as-required\" aria-required=\"true\" aria-invalid=\"false\" \/><\/span> <\/label><\/p>\n<p><label> Adres e-mail (wymagany)<br \/>\n    <span class=\"wpcf7-form-control-wrap\" data-name=\"your-email\"><input type=\"email\" name=\"your-email\" value=\"\" size=\"40\" class=\"wpcf7-form-control wpcf7-text wpcf7-email wpcf7-validates-as-required wpcf7-validates-as-email\" aria-required=\"true\" aria-invalid=\"false\" \/><\/span> <\/label><\/p>\n<p><label> Rola (wymagana)<br \/>\n<span class=\"wpcf7-form-control-wrap\" data-name=\"your-position\"><select name=\"your-position\" class=\"wpcf7-form-control wpcf7-select wpcf7-validates-as-required\" aria-required=\"true\" aria-invalid=\"false\"><option value=\"\">---<\/option><option value=\"Kandydat\">Kandydat<\/option><option value=\"Pracodawca\">Pracodawca<\/option><option value=\"Pozosta\u0142e\">Pozosta\u0142e<\/option><\/select><\/span> <\/label><\/p>\n<p><label> Adres<br \/>\n    <span class=\"wpcf7-form-control-wrap\" data-name=\"your-address\"><input type=\"text\" name=\"your-address\" value=\"\" size=\"40\" class=\"wpcf7-form-control wpcf7-text\" aria-invalid=\"false\" \/><\/span> <\/label><\/p>\n<p><label> Telefon<br \/>\n<span class=\"wpcf7-form-control-wrap\" data-name=\"your-phone\"><input type=\"tel\" name=\"your-phone\" value=\"\" size=\"40\" class=\"wpcf7-form-control wpcf7-text wpcf7-tel wpcf7-validates-as-tel\" aria-invalid=\"false\" \/><\/span> <\/label><\/p>\n<p><label> Wzgl\u0105d<br \/>\n    <span class=\"wpcf7-form-control-wrap\" data-name=\"your-subject\"><input type=\"text\" name=\"your-subject\" value=\"\" size=\"40\" class=\"wpcf7-form-control wpcf7-text\" aria-invalid=\"false\" \/><\/span> <\/label><\/p>\n<p><label> Wiadomo\u015b\u0107<br \/>\n    <span class=\"wpcf7-form-control-wrap\" data-name=\"your-message\"><textarea name=\"your-message\" cols=\"40\" rows=\"10\" class=\"wpcf7-form-control wpcf7-textarea\" aria-invalid=\"false\"><\/textarea><\/span> <\/label><\/p>\n<table>\n<tr>\n<td><span class=\"wpcf7-form-control-wrap\" data-name=\"acceptance\"><span class=\"wpcf7-form-control wpcf7-acceptance\"><span class=\"wpcf7-list-item\"><label><input type=\"checkbox\" name=\"acceptance\" value=\"1\" aria-invalid=\"false\" \/><span class=\"wpcf7-list-item-label\"><\/td>\n<td>Zgadzasz si\u0119, \u017ce Twoje informacje zostan\u0105 wykorzystane do przetworzenia Twojego \u017c\u0105dania.\nDalsze informacje i instrukcje dotycz\u0105ce odwo\u0142ania mo\u017cna znale\u017a\u0107 w <a href=\"http:\/\/aureano.com\/pl\/datenschutzerklaerung\/\">polityce prywatno\u015bci<\/a><\/td>\n<\/tr>\n<\/table>\n<p><\/span><\/label><\/span><\/span><\/span><br \/>\n<span id=\"wpcf7-69e36218b0470-wrapper\" class=\"wpcf7-form-control-wrap honeypot-481-wrap\" style=\"display:none !important; visibility:hidden !important;\"><label for=\"wpcf7-69e36218b0470-field\" class=\"hp-message\">Please leave this field empty.<\/label><input id=\"wpcf7-69e36218b0470-field\"  class=\"wpcf7-form-control wpcf7-text\" type=\"text\" name=\"honeypot-481\" value=\"\" size=\"40\" tabindex=\"-1\" autocomplete=\"new-password\" \/><\/span><\/p>\n<p><input type=\"submit\" value=\"Wys\u0142a\u0107\" class=\"wpcf7-form-control has-spinner wpcf7-submit\" \/><\/p>\n<div class=\"wpcf7-response-output\" aria-hidden=\"true\"><\/div><\/form><\/div>\n<p>&nbsp;<\/p>\n","protected":false},"excerpt":{"rendered":"<p>Skorzystaj z naszego do\u015bwiadczenia, si\u0142y i niezawodno\u015bci us\u0142ug: Czekamy na Twoj\u0105 wiadomo\u015b\u0107! Telefonicznie: +49 (0) 172 6270116 (r\u00f3wnie\u017c WhatsApp), e-mailem info@aureano.com lub za po\u015brednictwem naszego formularza kontaktowego: &nbsp;<\/p>\n","protected":false},"author":1,"featured_media":2623,"parent":0,"menu_order":0,"comment_status":"closed","ping_status":"closed","template":"","meta":{"_links_to":"","_links_to_target":""},"_links":{"self":[{"href":"https:\/\/aureano.com\/pl\/wp-json\/wp\/v2\/pages\/2243"}],"collection":[{"href":"https:\/\/aureano.com\/pl\/wp-json\/wp\/v2\/pages"}],"about":[{"href":"https:\/\/aureano.com\/pl\/wp-json\/wp\/v2\/types\/page"}],"author":[{"embeddable":true,"href":"https:\/\/aureano.com\/pl\/wp-json\/wp\/v2\/users\/1"}],"replies":[{"embeddable":true,"href":"https:\/\/aureano.com\/pl\/wp-json\/wp\/v2\/comments?post=2243"}],"version-history":[{"count":3,"href":"https:\/\/aureano.com\/pl\/wp-json\/wp\/v2\/pages\/2243\/revisions"}],"predecessor-version":[{"id":2721,"href":"https:\/\/aureano.com\/pl\/wp-json\/wp\/v2\/pages\/2243\/revisions\/2721"}],"wp:featuredmedia":[{"embeddable":true,"href":"https:\/\/aureano.com\/pl\/wp-json\/wp\/v2\/media\/2623"}],"wp:attachment":[{"href":"https:\/\/aureano.com\/pl\/wp-json\/wp\/v2\/media?parent=2243"}],"curies":[{"name":"wp","href":"https:\/\/api.w.org\/{rel}","templated":true}]}}