{"id":2249,"date":"2019-06-06T14:55:12","date_gmt":"2019-06-06T12:55:12","guid":{"rendered":"http:\/\/aureano.com\/?page_id=2249"},"modified":"2019-07-24T09:11:54","modified_gmt":"2019-07-24T07:11:54","slug":"kandydat","status":"publish","type":"page","link":"https:\/\/aureano.com\/pl\/kandydat\/","title":{"rendered":"Kandydat"},"content":{"rendered":"<p><strong>Niemiecki rynek pracy pilnie potrzebuje wykwalifikowanych pracownik\u00f3w: szczeg\u00f3lnie w s\u0142u\u017cbie zdrowia, atrakcyjne miejsca pracy czekaj\u0105 na Ciebie!<br \/>\n<\/strong><\/p>\n<p>W Niemczech wiele zasob\u00f3w jest inwestowanych w opiek\u0119 zdrowotn\u0105 i opiek\u0119 nad osobami starszymi w celu utrzymania wysokiej jako\u015bci opieki. <strong>Skorzystaj z obecnie bardzo dobrych mo\u017cliwo\u015bci w zawodach medycznych!<\/strong> Mo\u017cesz spodziewa\u0107 si\u0119 dobrej atmosfery pracy, atrakcyjnych wynagrodze\u0144 i bezpiecznych miejsc pracy. Wszystko to tworzy niezawodne ramy dla rozwoju zawodowego i prywatnego.<\/p>\n<p>Aureano oferuje znacznie wi\u0119cej ni\u017c tylko wolne miejsca pracy. Naszym celem jest kompletna integracja, aby zaoferowa\u0107 na \u017cyczenie r\u00f3wnie\u017c d\u0142ugoterminow\u0105 perspektyw\u0119 w Niemczech. Czekamy na Twoj\u0105 wiadomo\u015b\u0107!<\/p>\n<p>&nbsp;<\/p>\n<h4 style=\"text-align: center\"><strong>Jakiego obszaru szukasz?<br \/>\n<\/strong><\/h4>\n<table>\n<tbody>\n<tr>\n<td style=\"min-width: 150px\" align=\"center\" width=\"33%\"><img loading=\"lazy\" class=\"alignnone wp-image-2197\" src=\"https:\/\/aureano.com\/wp-content\/uploads\/2019\/06\/Klinik-Flaticon-150x150.png\" alt=\"\" width=\"100\" height=\"100\" srcset=\"https:\/\/aureano.com\/pl\/wp-content\/uploads\/sites\/2\/2019\/06\/Klinik-Flaticon-150x150.png 150w, https:\/\/aureano.com\/pl\/wp-content\/uploads\/sites\/2\/2019\/06\/Klinik-Flaticon-300x300.png 300w, https:\/\/aureano.com\/pl\/wp-content\/uploads\/sites\/2\/2019\/06\/Klinik-Flaticon.png 512w\" sizes=\"(max-width: 100px) 100vw, 100px\" \/><\/p>\n<div class=\"btn-page vivid-red\"><a style=\"color: white\" href=\"https:\/\/aureano.com\/pl\/kandydat\/wnioskodawca-pielegniarka-pielegniarz-dla-klinik\/\">Klinik<\/a><\/div>\n<\/td>\n<td style=\"min-width: 150px\" align=\"center\" width=\"33%\"><img loading=\"lazy\" class=\"alignnone wp-image-2200\" src=\"https:\/\/aureano.com\/wp-content\/uploads\/2019\/06\/Pflegeheim-Flaticon-150x150.png\" alt=\"\" width=\"100\" height=\"100\" srcset=\"https:\/\/aureano.com\/pl\/wp-content\/uploads\/sites\/2\/2019\/06\/Pflegeheim-Flaticon-150x150.png 150w, https:\/\/aureano.com\/pl\/wp-content\/uploads\/sites\/2\/2019\/06\/Pflegeheim-Flaticon-300x300.png 300w, https:\/\/aureano.com\/pl\/wp-content\/uploads\/sites\/2\/2019\/06\/Pflegeheim-Flaticon.png 512w\" sizes=\"(max-width: 100px) 100vw, 100px\" \/><\/p>\n<div class=\"btn-page vivid-red\"><a style=\"color: white\" href=\"https:\/\/aureano.com\/pl\/kandydat\/wnioskodawca-pielegniarka-pielegniarz-w-domach-opieki\/\">Domy opieki<\/a><\/div>\n<\/td>\n<td style=\"min-width: 150px\" align=\"center\" width=\"33%\"><img loading=\"lazy\" class=\"alignnone wp-image-2490\" src=\"https:\/\/aureano.com\/wp-content\/uploads\/2019\/06\/Apotheken-Flaticon-1-150x150.png\" alt=\"\" width=\"100\" height=\"100\" srcset=\"https:\/\/aureano.com\/pl\/wp-content\/uploads\/sites\/2\/2019\/06\/Apotheken-Flaticon-1-150x150.png 150w, https:\/\/aureano.com\/pl\/wp-content\/uploads\/sites\/2\/2019\/06\/Apotheken-Flaticon-1-300x300.png 300w, https:\/\/aureano.com\/pl\/wp-content\/uploads\/sites\/2\/2019\/06\/Apotheken-Flaticon-1.png 512w\" sizes=\"(max-width: 100px) 100vw, 100px\" \/><\/p>\n<div class=\"btn-page vivid-red\"><a style=\"color: white\" href=\"https:\/\/aureano.com\/pl\/kandydat\/wnioskodawca-farmaceuta-aptekarz\/\">Apteki<\/a><\/div>\n<\/td>\n<\/tr>\n<\/tbody>\n<\/table>\n","protected":false},"excerpt":{"rendered":"<p>Niemiecki rynek pracy pilnie potrzebuje wykwalifikowanych pracownik\u00f3w: szczeg\u00f3lnie w s\u0142u\u017cbie zdrowia, atrakcyjne miejsca pracy czekaj\u0105 na Ciebie! W Niemczech wiele zasob\u00f3w jest inwestowanych w opiek\u0119 zdrowotn\u0105 i opiek\u0119 nad osobami starszymi w celu utrzymania wysokiej jako\u015bci opieki. Skorzystaj z obecnie bardzo dobrych mo\u017cliwo\u015bci w zawodach medycznych! Mo\u017cesz spodziewa\u0107 si\u0119 dobrej&hellip; <\/p>\n","protected":false},"author":1,"featured_media":2607,"parent":0,"menu_order":0,"comment_status":"closed","ping_status":"closed","template":"","meta":{"_links_to":"","_links_to_target":""},"_links":{"self":[{"href":"https:\/\/aureano.com\/pl\/wp-json\/wp\/v2\/pages\/2249"}],"collection":[{"href":"https:\/\/aureano.com\/pl\/wp-json\/wp\/v2\/pages"}],"about":[{"href":"https:\/\/aureano.com\/pl\/wp-json\/wp\/v2\/types\/page"}],"author":[{"embeddable":true,"href":"https:\/\/aureano.com\/pl\/wp-json\/wp\/v2\/users\/1"}],"replies":[{"embeddable":true,"href":"https:\/\/aureano.com\/pl\/wp-json\/wp\/v2\/comments?post=2249"}],"version-history":[{"count":6,"href":"https:\/\/aureano.com\/pl\/wp-json\/wp\/v2\/pages\/2249\/revisions"}],"predecessor-version":[{"id":2713,"href":"https:\/\/aureano.com\/pl\/wp-json\/wp\/v2\/pages\/2249\/revisions\/2713"}],"wp:featuredmedia":[{"embeddable":true,"href":"https:\/\/aureano.com\/pl\/wp-json\/wp\/v2\/media\/2607"}],"wp:attachment":[{"href":"https:\/\/aureano.com\/pl\/wp-json\/wp\/v2\/media?parent=2249"}],"curies":[{"name":"wp","href":"https:\/\/api.w.org\/{rel}","templated":true}]}}