{"id":2315,"date":"2019-06-11T11:15:07","date_gmt":"2019-06-11T09:15:07","guid":{"rendered":"http:\/\/aureano.com\/?page_id=2315"},"modified":"2019-07-24T09:27:41","modified_gmt":"2019-07-24T07:27:41","slug":"oferty-pracy","status":"publish","type":"page","link":"https:\/\/aureano.com\/pl\/kandydat\/oferty-pracy\/","title":{"rendered":"Oferty pracy"},"content":{"rendered":"<p>Oto fragment naszych aktualnych og\u0142osze\u0144 o prac\u0119.<br \/>\nMi\u0119dzy innymi poszukujemy specjalist\u00f3w do nast\u0119puj\u0105cych ofert pracy:<\/p>\n<ul>\n<li><strong>Farmaceuta\/Aptekarz<\/strong> na teren Frankfurtu<\/li>\n<li><strong>Piel\u0119gniarka\/Piel\u0119gniarz<\/strong> w rejonie Turyngii<\/li>\n<li><strong>Piel\u0119gniarka\/Piel\u0119gniarz<\/strong> na terenie Dolnej Saksonii<\/li>\n<li><strong>Piel\u0119gniarka\/Piel\u0119gniarz do domu opieki<\/strong><\/li>\n<\/ul>\n<h4><strong>Czy wzbudzili\u015bmy twoje zainteresowanie? Czekamy na Twoj\u0105 wiadomo\u015b\u0107!<\/strong><\/h4>\n<table>\n<tbody>\n<tr>\n<td align=\"center\">\n<div class=\"btn-page vivid-red\"><a style=\"color: white\" href=\"http:\/\/aureano.com\/pl\/kontakt\/\">Skontaktuj si\u0119 z nami!<\/a><\/div>\n<p>&nbsp;<\/td>\n<\/tr>\n<\/tbody>\n<\/table>\n","protected":false},"excerpt":{"rendered":"<p>Oto fragment naszych aktualnych og\u0142osze\u0144 o prac\u0119. Mi\u0119dzy innymi poszukujemy specjalist\u00f3w do nast\u0119puj\u0105cych ofert pracy: Farmaceuta\/Aptekarz na teren Frankfurtu Piel\u0119gniarka\/Piel\u0119gniarz w rejonie Turyngii Piel\u0119gniarka\/Piel\u0119gniarz na terenie Dolnej Saksonii Piel\u0119gniarka\/Piel\u0119gniarz do domu opieki Czy wzbudzili\u015bmy twoje zainteresowanie? Czekamy na Twoj\u0105 wiadomo\u015b\u0107! Skontaktuj si\u0119 z nami! &nbsp;<\/p>\n","protected":false},"author":2,"featured_media":2624,"parent":2249,"menu_order":0,"comment_status":"closed","ping_status":"closed","template":"","meta":{"_links_to":"","_links_to_target":""},"_links":{"self":[{"href":"https:\/\/aureano.com\/pl\/wp-json\/wp\/v2\/pages\/2315"}],"collection":[{"href":"https:\/\/aureano.com\/pl\/wp-json\/wp\/v2\/pages"}],"about":[{"href":"https:\/\/aureano.com\/pl\/wp-json\/wp\/v2\/types\/page"}],"author":[{"embeddable":true,"href":"https:\/\/aureano.com\/pl\/wp-json\/wp\/v2\/users\/2"}],"replies":[{"embeddable":true,"href":"https:\/\/aureano.com\/pl\/wp-json\/wp\/v2\/comments?post=2315"}],"version-history":[{"count":3,"href":"https:\/\/aureano.com\/pl\/wp-json\/wp\/v2\/pages\/2315\/revisions"}],"predecessor-version":[{"id":2700,"href":"https:\/\/aureano.com\/pl\/wp-json\/wp\/v2\/pages\/2315\/revisions\/2700"}],"up":[{"embeddable":true,"href":"https:\/\/aureano.com\/pl\/wp-json\/wp\/v2\/pages\/2249"}],"wp:featuredmedia":[{"embeddable":true,"href":"https:\/\/aureano.com\/pl\/wp-json\/wp\/v2\/media\/2624"}],"wp:attachment":[{"href":"https:\/\/aureano.com\/pl\/wp-json\/wp\/v2\/media?parent=2315"}],"curies":[{"name":"wp","href":"https:\/\/api.w.org\/{rel}","templated":true}]}}