{"id":2321,"date":"2019-06-11T12:25:52","date_gmt":"2019-06-11T10:25:52","guid":{"rendered":"http:\/\/aureano.com\/?page_id=2321"},"modified":"2019-07-24T09:21:53","modified_gmt":"2019-07-24T07:21:53","slug":"pracodawca","status":"publish","type":"page","link":"https:\/\/aureano.com\/pl\/pracodawca\/","title":{"rendered":"Pracodawca"},"content":{"rendered":"<p><strong>Jeste\u015bmy Twoim dostawc\u0105 us\u0142ug osobistych dla profesjonalist\u00f3w medycznych z Europy &#8211; skorzystaj z naszego do\u015bwiadczenia, us\u0142ug i niezawodno\u015bci.<br \/>\n<\/strong><\/p>\n<p>Nabycie wykwalifikowanych specjalist\u00f3w jest procesem bardzo wra\u017cliwym: wspieramy Ci\u0119 w zr\u00f3wnowa\u017cony i skuteczny spos\u00f3b wzmacniaj\u0105c personel piel\u0119gniarski i medyczny &#8211; znajdziemy Twoich idealnych kandydat\u00f3w. Skorzystaj z naszego do\u015bwiadczenia w podej\u015bciu, wyborze i profesjonalnym rozmieszczeniu specjalist\u00f3w medycznych o wysokiej wiedzy specjalistycznej.<\/p>\n<p>&nbsp;<\/p>\n<h4 style=\"text-align: center;\"><strong>Dla jakiego obszaru szukasz specjalist\u00f3w?<br \/>\n<\/strong><\/h4>\n<table>\n<tbody>\n<tr>\n<td style=\"min-width: 150px;\" align=\"center\" width=\"33%\"><img loading=\"lazy\" class=\"wp-image-2197 aligncenter\" src=\"https:\/\/aureano.com\/wp-content\/uploads\/2019\/06\/Klinik-Flaticon-150x150.png\" alt=\"\" width=\"100\" height=\"100\" srcset=\"https:\/\/aureano.com\/pl\/wp-content\/uploads\/sites\/2\/2019\/06\/Klinik-Flaticon-150x150.png 150w, https:\/\/aureano.com\/pl\/wp-content\/uploads\/sites\/2\/2019\/06\/Klinik-Flaticon-300x300.png 300w, https:\/\/aureano.com\/pl\/wp-content\/uploads\/sites\/2\/2019\/06\/Klinik-Flaticon.png 512w\" sizes=\"(max-width: 100px) 100vw, 100px\" \/><\/p>\n<div class=\"btn-page vivid-red\" style=\"text-align: center;\"><a style=\"color: white;\" href=\"https:\/\/aureano.com\/pl\/pracodawca\/pracodawca-kliniki\/\">Kliniki<\/a><\/div>\n<\/td>\n<td style=\"min-width: 150px;\" align=\"center\" width=\"33%\"><img loading=\"lazy\" class=\"wp-image-2200 aligncenter\" src=\"https:\/\/aureano.com\/wp-content\/uploads\/2019\/06\/Pflegeheim-Flaticon-150x150.png\" alt=\"\" width=\"100\" height=\"100\" srcset=\"https:\/\/aureano.com\/pl\/wp-content\/uploads\/sites\/2\/2019\/06\/Pflegeheim-Flaticon-150x150.png 150w, https:\/\/aureano.com\/pl\/wp-content\/uploads\/sites\/2\/2019\/06\/Pflegeheim-Flaticon-300x300.png 300w, https:\/\/aureano.com\/pl\/wp-content\/uploads\/sites\/2\/2019\/06\/Pflegeheim-Flaticon.png 512w\" sizes=\"(max-width: 100px) 100vw, 100px\" \/><\/p>\n<div class=\"btn-page vivid-red\" style=\"text-align: center;\"><a style=\"color: white;\" href=\"https:\/\/aureano.com\/pl\/pracodawca\/pracodawcy-domy-opieki\/\">Domy opieki<\/a><\/div>\n<\/td>\n<td style=\"min-width: 150px;\" align=\"center\" width=\"33%\"><img loading=\"lazy\" class=\"wp-image-2490 aligncenter\" src=\"https:\/\/aureano.com\/wp-content\/uploads\/2019\/06\/Apotheken-Flaticon-1-150x150.png\" alt=\"\" width=\"100\" height=\"100\" srcset=\"https:\/\/aureano.com\/pl\/wp-content\/uploads\/sites\/2\/2019\/06\/Apotheken-Flaticon-1-150x150.png 150w, https:\/\/aureano.com\/pl\/wp-content\/uploads\/sites\/2\/2019\/06\/Apotheken-Flaticon-1-300x300.png 300w, https:\/\/aureano.com\/pl\/wp-content\/uploads\/sites\/2\/2019\/06\/Apotheken-Flaticon-1.png 512w\" sizes=\"(max-width: 100px) 100vw, 100px\" \/><\/p>\n<div class=\"btn-page vivid-red\" style=\"text-align: center;\"><a style=\"color: white;\" href=\"https:\/\/aureano.com\/pl\/pracodawca\/pracodawcy-apteki\/\">Apteki<\/a><\/div>\n<\/td>\n<\/tr>\n<\/tbody>\n<\/table>\n<p>&nbsp;<\/p>\n","protected":false},"excerpt":{"rendered":"<p>Jeste\u015bmy Twoim dostawc\u0105 us\u0142ug osobistych dla profesjonalist\u00f3w medycznych z Europy &#8211; skorzystaj z naszego do\u015bwiadczenia, us\u0142ug i niezawodno\u015bci. Nabycie wykwalifikowanych specjalist\u00f3w jest procesem bardzo wra\u017cliwym: wspieramy Ci\u0119 w zr\u00f3wnowa\u017cony i skuteczny spos\u00f3b wzmacniaj\u0105c personel piel\u0119gniarski i medyczny &#8211; znajdziemy Twoich idealnych kandydat\u00f3w. Skorzystaj z naszego do\u015bwiadczenia w podej\u015bciu, wyborze i&hellip; <\/p>\n","protected":false},"author":2,"featured_media":2606,"parent":0,"menu_order":0,"comment_status":"closed","ping_status":"closed","template":"","meta":{"_links_to":"","_links_to_target":""},"_links":{"self":[{"href":"https:\/\/aureano.com\/pl\/wp-json\/wp\/v2\/pages\/2321"}],"collection":[{"href":"https:\/\/aureano.com\/pl\/wp-json\/wp\/v2\/pages"}],"about":[{"href":"https:\/\/aureano.com\/pl\/wp-json\/wp\/v2\/types\/page"}],"author":[{"embeddable":true,"href":"https:\/\/aureano.com\/pl\/wp-json\/wp\/v2\/users\/2"}],"replies":[{"embeddable":true,"href":"https:\/\/aureano.com\/pl\/wp-json\/wp\/v2\/comments?post=2321"}],"version-history":[{"count":5,"href":"https:\/\/aureano.com\/pl\/wp-json\/wp\/v2\/pages\/2321\/revisions"}],"predecessor-version":[{"id":2714,"href":"https:\/\/aureano.com\/pl\/wp-json\/wp\/v2\/pages\/2321\/revisions\/2714"}],"wp:featuredmedia":[{"embeddable":true,"href":"https:\/\/aureano.com\/pl\/wp-json\/wp\/v2\/media\/2606"}],"wp:attachment":[{"href":"https:\/\/aureano.com\/pl\/wp-json\/wp\/v2\/media?parent=2321"}],"curies":[{"name":"wp","href":"https:\/\/api.w.org\/{rel}","templated":true}]}}