{"id":2328,"date":"2019-06-11T13:22:05","date_gmt":"2019-06-11T11:22:05","guid":{"rendered":"http:\/\/aureano.com\/?page_id=2328"},"modified":"2019-07-24T09:21:41","modified_gmt":"2019-07-24T07:21:41","slug":"pracodawca-kliniki","status":"publish","type":"page","link":"https:\/\/aureano.com\/pl\/pracodawca\/pracodawca-kliniki\/","title":{"rendered":"Pracodawca &#8211; kliniki"},"content":{"rendered":"<h4><strong>Szukasz specjalistycznych piel\u0119gniarek dla swojej kliniki?<\/strong><br \/>\n<strong>Znajdziemy dla ciebie najlepszych kandydat\u00f3w!<\/strong><\/h4>\n<p><strong>Pomimo znacznych wysi\u0142k\u00f3w w zakresie polityki zdrowotnej, podw\u00f3jna presja demograficzna (rosn\u0105ca liczba pacjent\u00f3w i malej\u0105ca liczba piel\u0119gniarek w Niemczech) pozostaje sta\u0142ym wyzwaniem. Wykwalifikowany personel piel\u0119gniarski jest trudny do znalezienia w Niemczech.<br \/>\n<\/strong><\/p>\n<p>Aureano ma dla Ciebie rozwi\u0105zanie dzi\u0119ki swojej mi\u0119dzynarodowej sieci: zapewniamy specjalistyczne piel\u0119gniarki ze stopnien naukowym (Magister) i kilkuletnie do\u015bwiadczenie zawodowe (np. w chirurgii i intensywnej terapii) z ca\u0142ej Europy! Wiele kandydatow przyjmuje z zadowoleniem prac\u0119 w firmie opartej na warto\u015bci (np. Szpital wyznaniowy).<\/p>\n<p>Naszym celem nie jest \u0142\u0105czenie klinik i piel\u0119gniarek wy\u0142\u0105cznie w sensie technicznym. Pogodzimy tak\u017ce r\u00f3\u017cne postawy pracodawcy i wnioskodawcy, co skutkuje d\u0142ugoterminow\u0105, sp\u00f3jn\u0105 i zr\u00f3wnowa\u017con\u0105 wsp\u00f3\u0142prac\u0105.<\/p>\n<p>Zapewniamy specjalistyczny personel piel\u0119gniarski w nast\u0119puj\u0105cych obszarach:<\/p>\n<ul>\n<li>piel\u0119gniarki do opieki oddzia\u0142owej<\/li>\n<li>piel\u0119gniarki do intensywnej terapii<\/li>\n<li>piel\u0119gniarki do znieczulenia<\/li>\n<li>piel\u0119gniarki do operacji chirurgicznej<\/li>\n<\/ul>\n<p style=\"text-align: left\" align=\"Center\"><strong>Skorzystaj z naszego do\u015bwiadczenia, si\u0142y i niezawodno\u015bci us\u0142ug:<\/strong><\/p>\n<h4 style=\"text-align: left\" align=\"Center\"><strong>Przejmujemy dla Ciebie wszystkie etapy procesu rekrutacji &#8211; wszystko, co musisz zrobi\u0107, to poda\u0107 nam swoje wymagania.<\/strong><\/h4>\n<p style=\"text-align: left\" align=\"Center\">Poniewa\u017c mamy og\u00f3lnoeuropejsk\u0105 sie\u0107 i towarzyszymy naszym aplikantom od samego pocz\u0105tku, znajdziemy dla Ciebie odpowiednich kandydat\u00f3w. Dzi\u0119ki naszemu wsparciu oszcz\u0119dzasz czas, masz mniej wysi\u0142ku i ostatecznie decydujesz si\u0119 na najlepszego kandydata.<\/p>\n<table>\n<tbody>\n<tr>\n<td align=\"center\">\n<div class=\"btn-page vivid-red\"><a style=\"color: white\" href=\"http:\/\/aureano.com\/pl\/kontakt\/\">Skontaktuj si\u0119 z nami!<\/a><\/div>\n<p>&nbsp;<\/td>\n<\/tr>\n<\/tbody>\n<\/table>\n","protected":false},"excerpt":{"rendered":"<p>Szukasz specjalistycznych piel\u0119gniarek dla swojej kliniki? Znajdziemy dla ciebie najlepszych kandydat\u00f3w! Pomimo znacznych wysi\u0142k\u00f3w w zakresie polityki zdrowotnej, podw\u00f3jna presja demograficzna (rosn\u0105ca liczba pacjent\u00f3w i malej\u0105ca liczba piel\u0119gniarek w Niemczech) pozostaje sta\u0142ym wyzwaniem. Wykwalifikowany personel piel\u0119gniarski jest trudny do znalezienia w Niemczech. Aureano ma dla Ciebie rozwi\u0105zanie dzi\u0119ki swojej mi\u0119dzynarodowej&hellip; <\/p>\n","protected":false},"author":2,"featured_media":2609,"parent":2321,"menu_order":0,"comment_status":"closed","ping_status":"closed","template":"","meta":{"_links_to":"","_links_to_target":""},"_links":{"self":[{"href":"https:\/\/aureano.com\/pl\/wp-json\/wp\/v2\/pages\/2328"}],"collection":[{"href":"https:\/\/aureano.com\/pl\/wp-json\/wp\/v2\/pages"}],"about":[{"href":"https:\/\/aureano.com\/pl\/wp-json\/wp\/v2\/types\/page"}],"author":[{"embeddable":true,"href":"https:\/\/aureano.com\/pl\/wp-json\/wp\/v2\/users\/2"}],"replies":[{"embeddable":true,"href":"https:\/\/aureano.com\/pl\/wp-json\/wp\/v2\/comments?post=2328"}],"version-history":[{"count":3,"href":"https:\/\/aureano.com\/pl\/wp-json\/wp\/v2\/pages\/2328\/revisions"}],"predecessor-version":[{"id":2687,"href":"https:\/\/aureano.com\/pl\/wp-json\/wp\/v2\/pages\/2328\/revisions\/2687"}],"up":[{"embeddable":true,"href":"https:\/\/aureano.com\/pl\/wp-json\/wp\/v2\/pages\/2321"}],"wp:featuredmedia":[{"embeddable":true,"href":"https:\/\/aureano.com\/pl\/wp-json\/wp\/v2\/media\/2609"}],"wp:attachment":[{"href":"https:\/\/aureano.com\/pl\/wp-json\/wp\/v2\/media?parent=2328"}],"curies":[{"name":"wp","href":"https:\/\/api.w.org\/{rel}","templated":true}]}}