{"id":2330,"date":"2019-06-11T13:22:41","date_gmt":"2019-06-11T11:22:41","guid":{"rendered":"http:\/\/aureano.com\/?page_id=2330"},"modified":"2019-07-24T09:20:32","modified_gmt":"2019-07-24T07:20:32","slug":"pracodawcy-domy-opieki","status":"publish","type":"page","link":"https:\/\/aureano.com\/pl\/pracodawca\/pracodawcy-domy-opieki\/","title":{"rendered":"Pracodawcy &#8211; domy opieki"},"content":{"rendered":"<h4><strong>Aureano \u0142\u0105czy pracodawc\u00f3w u kandydatami:<\/strong><br \/>\n<strong>Zapewniamy kandydat\u00f3w z ca\u0142ej Europy!<\/strong><\/h4>\n<p>Chcesz zapewni\u0107 otwart\u0105, opieku\u0144cz\u0105 i osobist\u0105 opiek\u0119, ale brakuje ci &#8211; bior\u0105c pod uwag\u0119 niedob\u00f3r wykwalifikowanych pracownik\u00f3w i kandydat\u00f3w \u2013 odpowiedniego wykwalifikowanego personelu do obsadzenia wolnych miejsc?<\/p>\n<p><strong>Zapewniamy piel\u0119gniarki z ca\u0142ej Europy, dla kt\u00f3rych kompetencje zawodowe, \u017cyczliwo\u015b\u0107, cierpliwo\u015b\u0107 i wra\u017cliwo\u015b\u0107 s\u0105 spraw\u0105 serca! <\/strong><\/p>\n<p>Aureno \u0142\u0105czy pracodawc\u00f3w z piel\u0119gniarkami: <strong>nasi specjali\u015bci to przeszkolone piel\u0119gniarki z 3-letnim wykszta\u0142ceniem<\/strong>. Osobista piel\u0119gnacja, uznanie i profesjonalne zrozumienie jest naturalne dla naszych kandydat\u00f3w.<\/p>\n<p>Wszyscy nasi kandydaci maj\u0105 solidn\u0105 znajomo\u015b\u0107 j\u0119zyka niemieckiego i mog\u0105 zwraca\u0107 si\u0119 do pacjent\u00f3w z dobrymi obyczajami. Inny aspekt: Pracownicy i osoby potrzebuj\u0105ce opieki postrzegaj\u0105 ludzi z innych kultur jako wzbogacenie.<\/p>\n<p><strong>Zapewniamy specjalistyczny personel piel\u0119gniarski w nast\u0119puj\u0105cych obszarach:<\/strong><\/p>\n<ul>\n<li>Piel\u0119gniarki w domu opieki<\/li>\n<li>Opiekunowie os\u00f3b niepe\u0142nosprawnych<\/li>\n<li>Opiekunowie przewlekle chorych<\/li>\n<li>Piel\u0119gniarki opieki dziennej<\/li>\n<\/ul>\n<p style=\"text-align: left\" align=\"Center\"><strong>Skorzystaj z naszego do\u015bwiadczenia, si\u0142y i niezawodno\u015bci us\u0142ug:<\/strong><\/p>\n<h4 style=\"text-align: left\" align=\"Center\"><strong>Przejmujemy dla Ciebie wszystkie etapy procesu rekrutacji &#8211; wszystko, co musisz zrobi\u0107, to poda\u0107 nam swoje wymagania.<\/strong><\/h4>\n<p style=\"text-align: left\" align=\"Center\">Poniewa\u017c mamy og\u00f3lnoeuropejsk\u0105 sie\u0107 i towarzyszymy naszym aplikantom od samego pocz\u0105tku, znajdziemy dla Ciebie odpowiednich kandydat\u00f3w. Dzi\u0119ki naszemu wsparciu oszcz\u0119dzasz czas, masz mniej wysi\u0142ku i ostatecznie decydujesz si\u0119 na najlepszego kandydata.<\/p>\n<table>\n<tbody>\n<tr>\n<td align=\"center\">\n<div class=\"btn-page vivid-red\"><a style=\"color: white\" href=\"http:\/\/aureano.com\/pl\/kontakt\/\">Skontaktuj si\u0119 z nami!<\/a><\/div>\n<p>&nbsp;<\/td>\n<\/tr>\n<\/tbody>\n<\/table>\n","protected":false},"excerpt":{"rendered":"<p>Aureano \u0142\u0105czy pracodawc\u00f3w u kandydatami: Zapewniamy kandydat\u00f3w z ca\u0142ej Europy! Chcesz zapewni\u0107 otwart\u0105, opieku\u0144cz\u0105 i osobist\u0105 opiek\u0119, ale brakuje ci &#8211; bior\u0105c pod uwag\u0119 niedob\u00f3r wykwalifikowanych pracownik\u00f3w i kandydat\u00f3w \u2013 odpowiedniego wykwalifikowanego personelu do obsadzenia wolnych miejsc? Zapewniamy piel\u0119gniarki z ca\u0142ej Europy, dla kt\u00f3rych kompetencje zawodowe, \u017cyczliwo\u015b\u0107, cierpliwo\u015b\u0107 i wra\u017cliwo\u015b\u0107&hellip; <\/p>\n","protected":false},"author":2,"featured_media":2610,"parent":2321,"menu_order":0,"comment_status":"closed","ping_status":"closed","template":"","meta":{"_links_to":"","_links_to_target":""},"_links":{"self":[{"href":"https:\/\/aureano.com\/pl\/wp-json\/wp\/v2\/pages\/2330"}],"collection":[{"href":"https:\/\/aureano.com\/pl\/wp-json\/wp\/v2\/pages"}],"about":[{"href":"https:\/\/aureano.com\/pl\/wp-json\/wp\/v2\/types\/page"}],"author":[{"embeddable":true,"href":"https:\/\/aureano.com\/pl\/wp-json\/wp\/v2\/users\/2"}],"replies":[{"embeddable":true,"href":"https:\/\/aureano.com\/pl\/wp-json\/wp\/v2\/comments?post=2330"}],"version-history":[{"count":3,"href":"https:\/\/aureano.com\/pl\/wp-json\/wp\/v2\/pages\/2330\/revisions"}],"predecessor-version":[{"id":2689,"href":"https:\/\/aureano.com\/pl\/wp-json\/wp\/v2\/pages\/2330\/revisions\/2689"}],"up":[{"embeddable":true,"href":"https:\/\/aureano.com\/pl\/wp-json\/wp\/v2\/pages\/2321"}],"wp:featuredmedia":[{"embeddable":true,"href":"https:\/\/aureano.com\/pl\/wp-json\/wp\/v2\/media\/2610"}],"wp:attachment":[{"href":"https:\/\/aureano.com\/pl\/wp-json\/wp\/v2\/media?parent=2330"}],"curies":[{"name":"wp","href":"https:\/\/api.w.org\/{rel}","templated":true}]}}