{"id":2332,"date":"2019-06-11T13:23:10","date_gmt":"2019-06-11T11:23:10","guid":{"rendered":"http:\/\/aureano.com\/?page_id=2332"},"modified":"2019-07-24T09:21:13","modified_gmt":"2019-07-24T07:21:13","slug":"pracodawcy-apteki","status":"publish","type":"page","link":"https:\/\/aureano.com\/pl\/pracodawca\/pracodawcy-apteki\/","title":{"rendered":"Pracodawcy &#8211; Apteki"},"content":{"rendered":"<h4><strong>Aptekarze i Farmaceuci: znajdziemy odpowiedni personel do Twojej apteki.<\/strong><\/h4>\n<p><strong>W Niemczech coraz trudniej jest znale\u017a\u0107 wykwalifikowanych pracownik\u00f3w.<\/strong> Konsekwencj\u0105 dla aptekarzy jest cz\u0119sto \u201epraca na okr\u0105g\u0142o\u201d, aby sprosta\u0107 wymaganiom rynku.<\/p>\n<p>Aureano pomaga ci uciec od po\u017ceraj\u0105cej spirali:<br \/>\n<strong>Zapewniamy Aptekarzy, farmaceut\u00f3w i pracownik\u00f3w farmaceutyczno-handlowym (ka\u017cdy z kwalifikacjami akademickimi) z Europy Wschodniej<\/strong>. Oczywi\u015bcie ci specjali\u015bci maj\u0105 wykwalifikowane wykszta\u0142cenie i dobr\u0105 znajomo\u015b\u0107 j\u0119zyka niemieckiego. Po odpowiednim przeszkoleniu w Twojej aptece, stanowi\u0105 nasi kandydaci doskona\u0142e wzmocnienie dla Ciebie i Twojego zespo\u0142u.<\/p>\n<p><strong>Zapewniamy specjalist\u00f3w w nast\u0119puj\u0105cych obszarach:<\/strong><\/p>\n<ul>\n<li>aptekarzy<\/li>\n<li>farmaceut\u00f3w<\/li>\n<li>pracownik\u00f3w farmaceutyczno &#8211; handlowych<\/li>\n<\/ul>\n<p style=\"text-align: left;\" align=\"Center\"><strong>Skorzystaj z naszego do\u015bwiadczenia, si\u0142y i niezawodno\u015bci us\u0142ug:<\/strong><\/p>\n<h4 style=\"text-align: left;\" align=\"Center\"><strong>Przejmujemy dla Ciebie wszystkie etapy procesu rekrutacji &#8211; wszystko, co musisz zrobi\u0107, to poda\u0107 nam swoje wymagania.<\/strong><\/h4>\n<p style=\"text-align: left;\" align=\"Center\">Poniewa\u017c mamy og\u00f3lnoeuropejsk\u0105 sie\u0107 i towarzyszymy naszym aplikantom od samego pocz\u0105tku, znajdziemy dla Ciebie odpowiednich kandydat\u00f3w. Dzi\u0119ki naszemu wsparciu oszcz\u0119dzasz czas, masz mniej wysi\u0142ku i ostatecznie decydujesz si\u0119 na najlepszego kandydata.<\/p>\n<table>\n<tbody>\n<tr>\n<td align=\"center\">\n<div class=\"btn-page vivid-red\"><a style=\"color: white;\" href=\"http:\/\/aureano.com\/pl\/kontakt\/\">Skontaktuj si\u0119 z nami!<\/a><\/div>\n<p>&nbsp;<\/td>\n<\/tr>\n<\/tbody>\n<\/table>\n","protected":false},"excerpt":{"rendered":"<p>Aptekarze i Farmaceuci: znajdziemy odpowiedni personel do Twojej apteki. W Niemczech coraz trudniej jest znale\u017a\u0107 wykwalifikowanych pracownik\u00f3w. Konsekwencj\u0105 dla aptekarzy jest cz\u0119sto \u201epraca na okr\u0105g\u0142o\u201d, aby sprosta\u0107 wymaganiom rynku. Aureano pomaga ci uciec od po\u017ceraj\u0105cej spirali: Zapewniamy Aptekarzy, farmaceut\u00f3w i pracownik\u00f3w farmaceutyczno-handlowym (ka\u017cdy z kwalifikacjami akademickimi) z Europy Wschodniej. Oczywi\u015bcie&hellip; <\/p>\n","protected":false},"author":2,"featured_media":2619,"parent":2321,"menu_order":0,"comment_status":"closed","ping_status":"closed","template":"","meta":{"_links_to":"","_links_to_target":""},"_links":{"self":[{"href":"https:\/\/aureano.com\/pl\/wp-json\/wp\/v2\/pages\/2332"}],"collection":[{"href":"https:\/\/aureano.com\/pl\/wp-json\/wp\/v2\/pages"}],"about":[{"href":"https:\/\/aureano.com\/pl\/wp-json\/wp\/v2\/types\/page"}],"author":[{"embeddable":true,"href":"https:\/\/aureano.com\/pl\/wp-json\/wp\/v2\/users\/2"}],"replies":[{"embeddable":true,"href":"https:\/\/aureano.com\/pl\/wp-json\/wp\/v2\/comments?post=2332"}],"version-history":[{"count":3,"href":"https:\/\/aureano.com\/pl\/wp-json\/wp\/v2\/pages\/2332\/revisions"}],"predecessor-version":[{"id":2691,"href":"https:\/\/aureano.com\/pl\/wp-json\/wp\/v2\/pages\/2332\/revisions\/2691"}],"up":[{"embeddable":true,"href":"https:\/\/aureano.com\/pl\/wp-json\/wp\/v2\/pages\/2321"}],"wp:featuredmedia":[{"embeddable":true,"href":"https:\/\/aureano.com\/pl\/wp-json\/wp\/v2\/media\/2619"}],"wp:attachment":[{"href":"https:\/\/aureano.com\/pl\/wp-json\/wp\/v2\/media?parent=2332"}],"curies":[{"name":"wp","href":"https:\/\/api.w.org\/{rel}","templated":true}]}}