{"id":2336,"date":"2019-06-11T13:30:03","date_gmt":"2019-06-11T11:30:03","guid":{"rendered":"http:\/\/aureano.com\/?page_id=2336"},"modified":"2019-07-24T09:10:37","modified_gmt":"2019-07-24T07:10:37","slug":"wnioskodawca-pielegniarka-pielegniarz-w-domach-opieki","status":"publish","type":"page","link":"https:\/\/aureano.com\/pl\/kandydat\/wnioskodawca-pielegniarka-pielegniarz-w-domach-opieki\/","title":{"rendered":"Wnioskodawca \u2013 piel\u0119gniarka\/piel\u0119gniarz w domach opieki"},"content":{"rendered":"<h4><strong>Chcesz pracowa\u0107 w nowoczesnym domu opieki z najlepszym sprz\u0119tem w Niemczech?<br \/>\nZapewniamy atrakcyjne miejsca pracy!<br \/>\n<\/strong><\/h4>\n<p><strong>Dalszy rozw\u00f3j systemu opieki zdrowotnej i spadek liczby urodze\u0144 zmieni\u0142y struktur\u0119 populacji w Niemczech: liczba os\u00f3b starszych i potrzebuj\u0105cych opieki w populacji stale ro\u015bnie. Brakuje wykwalifikowanych pracownik\u00f3w!<\/strong><\/p>\n<p>Masz kwalifikacje piel\u0119gniarskie (np. 3-letnie polskie wakszta\u0142cenie jako certyfikowana piel\u0119gniarka specjalistyczna), masz ochot\u0119 na cos nowego i chcesz rozwija\u0107 swoj\u0105 karier\u0119? Dla ciebie piel\u0119gnowanie jest znacz\u0105cym spe\u0142nieniem i szanujesz ka\u017cdego pacjenta z w\u0142asn\u0105 biografi\u0105 w spo\u0142eczno\u015bci? Wtedy masz bardzo dobre szanse!<\/p>\n<p>Aureano zapewnia tylko miejsca pracy we wsp\u00f3\u0142czesnych i zorientowanych na warto\u015b\u0107 domach spokojnej staro\u015bci (sponsoring prywatny lub ko\u015bcielny) z najlepszym sprz\u0119tem. Ci pracodawcy s\u0105 stale zainteresowani kompletn\u0105 integracj\u0105 nowych pracownik\u00f3w. P\u0142atno\u015b\u0107 taryfowa w opiece geriatrycznej oferuje r\u00f3wnie\u017c dobry potencja\u0142 zarobkowy.<\/p>\n<p><strong>Szukamy piel\u0119gniarek w nast\u0119puj\u0105cych obszarach:<\/strong><\/p>\n<ul>\n<li>piel\u0119gniarki w domu opieki<\/li>\n<li>opiekunowie os\u00f3b niepe\u0142nosprawnych<\/li>\n<li>opiekunowie przewlekle chorych<\/li>\n<li>piel\u0119gniarki opieki dziennej<\/li>\n<\/ul>\n<p><strong>Aureano wspiera Ci\u0119 kompletnie od samego pocz\u0105tku<\/strong>: Towarzyszymy Ci na \u017cyczenie kompletnie, od rozmowy kwalifikacyjnej do wyszukiwania zakwaterowania \/ mieszkania! Przy sk\u0142adaniu pracy przywi\u0105zujemy wag\u0119 do atrakcyjnych warunk\u00f3w pracy i \u017cycia. Wszyscy pracodawcy w naszej sieci, z atrakcyjnymi wynagrodzeniami i ponadprzeci\u0119tnymi \u015bwiadczeniami spo\u0142ecznymi (np. Kursy j\u0119zykowe), oferuj\u0105 optymalne warunki dla d\u0142ugoterminowej perspektywy zawodowej jako wykwalifikowany specjalista w niemieckim systemie opieki zdrowotnej.<\/p>\n<h4><strong>Aureano to klucz do Twojego sukcesu zawodowego w niemieckich domach opieki!<\/strong><\/h4>\n<p>Jako specjalista z UE masz prawo do pracy w Niemczech dzi\u0119ki swobodzie przep\u0142ywu pracownik\u00f3w. Nie potrzebujesz pozwolenia na pobyt lub prac\u0119.<\/p>\n<table>\n<tbody>\n<tr>\n<td align=\"center\">\n<div class=\"btn-page vivid-red\"><a style=\"color: white\" href=\"http:\/\/aureano.com\/pl\/kontakt\/\">Skontaktuj si\u0119 z nami!<\/a><\/div>\n<p>&nbsp;<\/td>\n<\/tr>\n<\/tbody>\n<\/table>\n","protected":false},"excerpt":{"rendered":"<p>Chcesz pracowa\u0107 w nowoczesnym domu opieki z najlepszym sprz\u0119tem w Niemczech? Zapewniamy atrakcyjne miejsca pracy! Dalszy rozw\u00f3j systemu opieki zdrowotnej i spadek liczby urodze\u0144 zmieni\u0142y struktur\u0119 populacji w Niemczech: liczba os\u00f3b starszych i potrzebuj\u0105cych opieki w populacji stale ro\u015bnie. Brakuje wykwalifikowanych pracownik\u00f3w! Masz kwalifikacje piel\u0119gniarskie (np. 3-letnie polskie wakszta\u0142cenie jako&hellip; <\/p>\n","protected":false},"author":2,"featured_media":2622,"parent":2249,"menu_order":0,"comment_status":"closed","ping_status":"closed","template":"","meta":{"_links_to":"","_links_to_target":""},"_links":{"self":[{"href":"https:\/\/aureano.com\/pl\/wp-json\/wp\/v2\/pages\/2336"}],"collection":[{"href":"https:\/\/aureano.com\/pl\/wp-json\/wp\/v2\/pages"}],"about":[{"href":"https:\/\/aureano.com\/pl\/wp-json\/wp\/v2\/types\/page"}],"author":[{"embeddable":true,"href":"https:\/\/aureano.com\/pl\/wp-json\/wp\/v2\/users\/2"}],"replies":[{"embeddable":true,"href":"https:\/\/aureano.com\/pl\/wp-json\/wp\/v2\/comments?post=2336"}],"version-history":[{"count":3,"href":"https:\/\/aureano.com\/pl\/wp-json\/wp\/v2\/pages\/2336\/revisions"}],"predecessor-version":[{"id":2696,"href":"https:\/\/aureano.com\/pl\/wp-json\/wp\/v2\/pages\/2336\/revisions\/2696"}],"up":[{"embeddable":true,"href":"https:\/\/aureano.com\/pl\/wp-json\/wp\/v2\/pages\/2249"}],"wp:featuredmedia":[{"embeddable":true,"href":"https:\/\/aureano.com\/pl\/wp-json\/wp\/v2\/media\/2622"}],"wp:attachment":[{"href":"https:\/\/aureano.com\/pl\/wp-json\/wp\/v2\/media?parent=2336"}],"curies":[{"name":"wp","href":"https:\/\/api.w.org\/{rel}","templated":true}]}}