{"id":2338,"date":"2019-06-11T13:30:20","date_gmt":"2019-06-11T11:30:20","guid":{"rendered":"http:\/\/aureano.com\/?page_id=2338"},"modified":"2019-07-24T09:11:43","modified_gmt":"2019-07-24T07:11:43","slug":"wnioskodawca-farmaceuta-aptekarz","status":"publish","type":"page","link":"https:\/\/aureano.com\/pl\/kandydat\/wnioskodawca-farmaceuta-aptekarz\/","title":{"rendered":"Wnioskodawca \u2013 farmaceuta, aptekarz"},"content":{"rendered":"<h4><strong>Jeste\u015b specjalist\u0105 farmaceutycznym i szukasz ciekawej pracy w niemieckich aptekach?<br \/>\nZapewniamy atrakcyjne miejsca pracy!<br \/>\n<\/strong><\/h4>\n<p><strong>Apteki w Niemczech maj\u0105 wysoki priorytet \u2013 wiele Aptek ma jednak trudno\u015bci ze znalezieniem odpowiedniego personelu do wakat\u00f3w. Wykorzystaj swoj\u0105 szans\u0119!<br \/>\n<\/strong><\/p>\n<p>Czy masz dyplom z farmacji, jeste\u015b farmaceut\u0105 albo aptekarzen? Czy masz ochot\u0119 na cos nowego i chcesz rozwija\u0107 swoj\u0105 karier\u0119? Chcesz bezpiecznej perspektywy i atrakcyjnych zarobk\u00f3w? Skontaktuj si\u0119 z nami!<\/p>\n<p><strong>Szukamy profesjonalist\u00f3w dla naszych klient\u00f3w, mi\u0119dzy innymi w nast\u0119puj\u0105cych obszarach:<\/strong><\/p>\n<ul>\n<li>aptekarzy<\/li>\n<li>farmaceut\u00f3w<\/li>\n<li>pracownik\u00f3w farmaceutyczno handlowych<\/li>\n<\/ul>\n<p><strong>Aureano wspiera Ci\u0119 kompletnie od samego pocz\u0105tku<\/strong>: Towarzyszymy Ci na \u017cyczenie kompletnie, od rozmowy kwalifikacyjnej do wyszukiwania zakwaterowania \/ mieszkania! Przy sk\u0142adaniu pracy przywi\u0105zujemy wag\u0119 do atrakcyjnych warunk\u00f3w pracy i \u017cycia. Wszyscy pracodawcy w naszej sieci, z atrakcyjnymi wynagrodzeniami i ponadprzeci\u0119tnymi \u015bwiadczeniami spo\u0142ecznymi (np. Kursy j\u0119zykowe), oferuj\u0105 optymalne warunki dla d\u0142ugoterminowej perspektywy zawodowej jako wykwalifikowany specjalista w niemieckim systemie opieki zdrowotnej.<\/p>\n<h4><strong>Aureano to klucz do Twojego sukcesu zawodowego w niemieckich aptekach!<\/strong><\/h4>\n<p>Jako specjalista z UE masz prawo do pracy w Niemczech dzi\u0119ki swobodzie przep\u0142ywu pracownik\u00f3w. Nie potrzebujesz pozwolenia na pobyt lub prac\u0119.<\/p>\n<table>\n<tbody>\n<tr>\n<td align=\"center\">\n<div class=\"btn-page vivid-red\"><a style=\"color: white\" href=\"http:\/\/aureano.com\/pl\/kontakt\/\">Skontaktuj si\u0119 z nami!<\/a><\/div>\n<p>&nbsp;<\/td>\n<\/tr>\n<\/tbody>\n<\/table>\n","protected":false},"excerpt":{"rendered":"<p>Jeste\u015b specjalist\u0105 farmaceutycznym i szukasz ciekawej pracy w niemieckich aptekach? Zapewniamy atrakcyjne miejsca pracy! Apteki w Niemczech maj\u0105 wysoki priorytet \u2013 wiele Aptek ma jednak trudno\u015bci ze znalezieniem odpowiedniego personelu do wakat\u00f3w. Wykorzystaj swoj\u0105 szans\u0119! Czy masz dyplom z farmacji, jeste\u015b farmaceut\u0105 albo aptekarzen? Czy masz ochot\u0119 na cos nowego&hellip; <\/p>\n","protected":false},"author":2,"featured_media":2620,"parent":2249,"menu_order":0,"comment_status":"closed","ping_status":"closed","template":"","meta":{"_links_to":"","_links_to_target":""},"_links":{"self":[{"href":"https:\/\/aureano.com\/pl\/wp-json\/wp\/v2\/pages\/2338"}],"collection":[{"href":"https:\/\/aureano.com\/pl\/wp-json\/wp\/v2\/pages"}],"about":[{"href":"https:\/\/aureano.com\/pl\/wp-json\/wp\/v2\/types\/page"}],"author":[{"embeddable":true,"href":"https:\/\/aureano.com\/pl\/wp-json\/wp\/v2\/users\/2"}],"replies":[{"embeddable":true,"href":"https:\/\/aureano.com\/pl\/wp-json\/wp\/v2\/comments?post=2338"}],"version-history":[{"count":3,"href":"https:\/\/aureano.com\/pl\/wp-json\/wp\/v2\/pages\/2338\/revisions"}],"predecessor-version":[{"id":2698,"href":"https:\/\/aureano.com\/pl\/wp-json\/wp\/v2\/pages\/2338\/revisions\/2698"}],"up":[{"embeddable":true,"href":"https:\/\/aureano.com\/pl\/wp-json\/wp\/v2\/pages\/2249"}],"wp:featuredmedia":[{"embeddable":true,"href":"https:\/\/aureano.com\/pl\/wp-json\/wp\/v2\/media\/2620"}],"wp:attachment":[{"href":"https:\/\/aureano.com\/pl\/wp-json\/wp\/v2\/media?parent=2338"}],"curies":[{"name":"wp","href":"https:\/\/api.w.org\/{rel}","templated":true}]}}