{"id":2625,"date":"2019-05-27T12:45:33","date_gmt":"2019-05-27T10:45:33","guid":{"rendered":"http:\/\/aureano.com\/?page_id=3"},"modified":"2021-01-04T11:35:12","modified_gmt":"2021-01-04T10:35:12","slug":"polityka-prywatnosci","status":"publish","type":"page","link":"https:\/\/aureano.com\/pl\/polityka-prywatnosci\/","title":{"rendered":"Polityka prywatno\u015bci"},"content":{"rendered":"<p><strong>Powa\u017cnie traktujemy prywatno\u015b\u0107<\/strong><\/p>\n<p>Ochrona prywatno\u015bci podczas przetwarzania danych osobowych jest dla nas wa\u017cna. Domy\u015blnie, kiedy odwiedzasz nasz\u0105 stron\u0119 internetow\u0105, nasze serwery internetowe przechowuj\u0105 adres IP twojego dostawcy us\u0142ug internetowych, stron\u0119, z kt\u00f3rej nas odwiedzasz, odwiedzane strony internetowe oraz dat\u0119 i czas trwania wizyty. Informacje te s\u0105 obowi\u0105zkowe dla technicznego transferu stron internetowych i bezpiecznego dzia\u0142ania serwera. Spersonalizowana ocena tych danych nie ma miejsca.<\/p>\n<p>Je\u015bli prze\u015blesz nam dane za po\u015brednictwem formularza kontaktowego, dane te b\u0119d\u0105 przechowywane w trakcie tworzenia kopii zapasowej na naszych serwerach. Twoje dane zostan\u0105 wykorzystane przez nas wy\u0142\u0105cznie do przetworzenia Twojego \u017c\u0105dania. Twoje dane b\u0119d\u0105 \u015bci\u015ble poufne. Przekazanie danych podmiotom trzecim nie ma miejsca.<\/p>\n<p>Administrator danych osobowych:<\/p>\n<p><strong>Andreas H. Duda<\/strong><br \/>\n<strong>Aureano GmbH<\/strong><\/p>\n<p>Wilhelmstr. 6<br \/>\n69190 Walldorf \/ Niemcy<\/p>\n<p>Telefon: +49 (0) 172 6270116<br \/>\nE-mail: info@aureano.com<\/p>\n<p><strong>Dane osobowe<\/strong><\/p>\n<p>Dane osobowe to dane o Tobie. Obejmuj\u0105 one Twoje imi\u0119 i nazwisko, adres i adres e-mail. Nie musisz ujawnia\u0107 danych osobowych w celu odwiedzenia naszej strony internetowej. W niekt\u00f3rych przypadkach mo\u017cemy potrzebowa\u0107 Twojego imienia i nazwiska oraz adresu, a tak\u017ce innych informacji, aby zapewni\u0107 Ci potrzebn\u0105 us\u0142ug\u0119.<\/p>\n<p>To samo dotyczy sytuacji, w kt\u00f3rej dostarczymy na \u017c\u0105danie materia\u0142y informacyjne lub udzielimy odpowiedzi na Twoje pytania. W takich przypadkach zawsze b\u0119dziemy Ci\u0119 o tym informowa\u0107. Ponadto przechowujemy wy\u0142\u0105cznie dane, kt\u00f3re przekaza\u0142e\u015b nam automatycznie lub dobrowolnie.<\/p>\n<p>Korzystaj\u0105c z jednej z naszych us\u0142ug, zazwyczaj zbieramy tylko dane niezb\u0119dne do \u015bwiadczenia naszej us\u0142ugi. Mo\u017cemy poprosi\u0107 o wi\u0119cej informacji, kt\u00f3re maj\u0105 charakter dobrowolny. Kiedy przetwarzamy dane osobowe, robimy to, aby \u015bwiadczy\u0107 nasze us\u0142ugi lub realizowa\u0107 nasze cele handlowe.<\/p>\n<p><strong>Automatyczne przechowywanie danych nieosobowych<\/strong><\/p>\n<p>Podczas odwiedzania naszej strony internetowej przechowujemy pewne informacje ze wzgl\u0119d\u00f3w administracyjnych i technicznych. S\u0105 to: typ i wersja u\u017cywanej przegl\u0105darki, data i godzina dost\u0119pu, a tak\u017ce adres IP.<\/p>\n<p>Dane te s\u0105 anonimowe i wykorzystywane wy\u0142\u0105cznie w celach statystycznych lub w celu poprawy naszych us\u0142ug internetowych.<\/p>\n<p>Te anonimowe dane s\u0105 przechowywane oddzielnie od danych osobowych w bezpiecznych systemach i nie jest mo\u017cliwe ich przypisanie do poszczeg\u00f3lnych os\u00f3b. Oznacza to, \u017ce Twoje dane osobowe pozostaj\u0105 chronione przez ca\u0142y czas.<\/p>\n<p><strong>Cookies<\/strong><\/p>\n<p>Podczas odwiedzania naszej strony internetowej mo\u017cemy przechowywa\u0107 informacje na Twoim komputerze w postaci plik\u00f3w cookie. Pliki cookie to ma\u0142e pliki przesy\u0142ane z serwera internetowego do przegl\u0105darki i przechowywane na dysku twardym. Podstaw\u0105 prawn\u0105 korzystania z plik\u00f3w cookie jest art. 6 ust. 1 lit. f) RODO.<\/p>\n<p>Tutaj zapisywany jest tylko adres protoko\u0142u internetowego &#8211; \u017cadnych innych danych osobowych. Te informacje, kt\u00f3re s\u0105 przechowywane w plikach cookie, umo\u017cliwiaj\u0105 automatyczne rozpoznanie przy nast\u0119pnej wizycie na naszej stronie, co u\u0142atwi Ci korzystanie.<\/p>\n<p>Oczywi\u015bcie mo\u017cesz r\u00f3wnie\u017c odwiedzi\u0107 nasz\u0105 stron\u0119 internetow\u0105 bez akceptowania plik\u00f3w cookie. Je\u015bli nie chcesz, aby Tw\u00f3j komputer by\u0142 rozpoznawany przy nast\u0119pnej wizycie, mo\u017cesz r\u00f3wnie\u017c odm\u00f3wi\u0107 korzystania z plik\u00f3w cookie, zmieniaj\u0105c ustawienia przegl\u0105darki, aby \u201eodrzuca\u0107 pliki cookie\u201d. Odpowiedni\u0105 procedur\u0119 mo\u017cna znale\u017a\u0107 w instrukcji obs\u0142ugi odpowiedniej przegl\u0105darki. Je\u015bli jednak odm\u00f3wisz korzystania z plik\u00f3w cookie, mo\u017ce doj\u015b\u0107 do ogranicze\u0144 w korzystaniu z niekt\u00f3rych obszar\u00f3w naszych stron internetowych.<\/p>\n<p><strong>Bezpiecze\u0144stwo<\/strong><\/p>\n<p>Podj\u0119li\u015bmy techniczne i administracyjne \u015brodki ostro\u017cno\u015bci w celu ochrony danych osobowych przed utrat\u0105, zniszczeniem, manipulacj\u0105 i nieautoryzowanym dost\u0119pem. Wszyscy nasi pracownicy oraz us\u0142ugodawcy pracuj\u0105cy dla nas s\u0105 zobowi\u0105zani do przestrzegania obowi\u0105zuj\u0105cych przepis\u00f3w dotycz\u0105cych ochrony danych.<\/p>\n<p>Gdy zbieramy i przetwarzamy dane osobowe, s\u0105ono szyfrowane przed ich przes\u0142aniem. Oznacza to, \u017ce Twoje dane nie mog\u0105 zosta\u0107 wykorzystane przez osoby trzecie. Nasze \u015brodki bezpiecze\u0144stwa podlegaj\u0105 ci\u0105g\u0142emu procesowi doskonalenia, a nasze o\u015bwiadczenia o ochronie danych podlegaj\u0105 ci\u0105g\u0142ym zmianom. Upewnij si\u0119, \u017ce masz najnowsz\u0105 wersj\u0119.<\/p>\n<p><strong>\u00a0Klauzula informacyjna<\/strong><\/p>\n<p>Je\u015bli chcesz dowiedzie\u0107 si\u0119, kt\u00f3re Twoje dane osobowe przechowujemy lub je\u015bli chcesz je poprawi\u0107 albo usun\u0105\u0107 &#8211; skontaktuj si\u0119 z nami w dowolnym momencie. Masz r\u00f3wnie\u017c prawo do ograniczania przetwarzania (art. 18 RODO), prawa do sprzeciwu wobec przetwarzania (art. 21 RODO) oraz prawa do przenoszenia danych (art. 20 RODO).<\/p>\n<p>W takich przypadkach prosimy o bezpo\u015bredni kontakt z nami.<\/p>\n<p><strong>Zmiany w niniejszej polityce prywatno\u015bci<\/strong><\/p>\n<p>Zastrzegamy sobie prawo do zmiany naszej polityki prywatno\u015bci, je\u015bli to konieczne z powodu nowej technologii. Upewnij si\u0119, \u017ce masz najnowsz\u0105 wersj\u0119. W przypadku wprowadzenia zasadniczych zmian w niniejszej polityce prywatno\u015bci opublikujemy j\u0105 na naszej stronie internetowej.<\/p>\n<p>&nbsp;<\/p>\n","protected":false},"excerpt":{"rendered":"<p>Powa\u017cnie traktujemy prywatno\u015b\u0107 Ochrona prywatno\u015bci podczas przetwarzania danych osobowych jest dla nas wa\u017cna. Domy\u015blnie, kiedy odwiedzasz nasz\u0105 stron\u0119 internetow\u0105, nasze serwery internetowe przechowuj\u0105 adres IP twojego dostawcy us\u0142ug internetowych, stron\u0119, z kt\u00f3rej nas odwiedzasz, odwiedzane strony internetowe oraz dat\u0119 i czas trwania wizyty. Informacje te s\u0105 obowi\u0105zkowe dla technicznego transferu&hellip; <\/p>\n","protected":false},"author":1,"featured_media":0,"parent":0,"menu_order":0,"comment_status":"closed","ping_status":"open","template":"","meta":{"_links_to":"","_links_to_target":""},"_links":{"self":[{"href":"https:\/\/aureano.com\/pl\/wp-json\/wp\/v2\/pages\/2625"}],"collection":[{"href":"https:\/\/aureano.com\/pl\/wp-json\/wp\/v2\/pages"}],"about":[{"href":"https:\/\/aureano.com\/pl\/wp-json\/wp\/v2\/types\/page"}],"author":[{"embeddable":true,"href":"https:\/\/aureano.com\/pl\/wp-json\/wp\/v2\/users\/1"}],"replies":[{"embeddable":true,"href":"https:\/\/aureano.com\/pl\/wp-json\/wp\/v2\/comments?post=2625"}],"version-history":[{"count":3,"href":"https:\/\/aureano.com\/pl\/wp-json\/wp\/v2\/pages\/2625\/revisions"}],"predecessor-version":[{"id":2725,"href":"https:\/\/aureano.com\/pl\/wp-json\/wp\/v2\/pages\/2625\/revisions\/2725"}],"wp:attachment":[{"href":"https:\/\/aureano.com\/pl\/wp-json\/wp\/v2\/media?parent=2625"}],"curies":[{"name":"wp","href":"https:\/\/api.w.org\/{rel}","templated":true}]}}